{"id":491,"date":"2026-04-08T17:04:09","date_gmt":"2026-04-08T20:04:09","guid":{"rendered":"https:\/\/clubmav.com.br\/?page_id=491"},"modified":"2026-04-08T21:07:00","modified_gmt":"2026-04-09T00:07:00","slug":"club-mav-tacas","status":"publish","type":"page","link":"https:\/\/clubmav.com.br\/?page_id=491","title":{"rendered":"Curso Ta\u00e7as que encantam"},"content":{"rendered":"\n\n\t\t\t\t    <img fetchpriority=\"high\" width=\"500\" height=\"500\" class=\"ba-cheetah-photo-img wp-image-493\"\n\t\t\t\tsrc=\"http:\/\/clubmav.com.br\/wp-content\/uploads\/2026\/04\/Logo-MAV-2.png\"\n\t\t\t\talt=\"\"\n\t\t\t\t\t\t\t\titemprop=\"image\" \n\t\t\t\tonerror=\"this.style.display='none'\" srcset=\"https:\/\/clubmav.com.br\/wp-content\/uploads\/2026\/04\/Logo-MAV-2.png 500w, https:\/\/clubmav.com.br\/wp-content\/uploads\/2026\/04\/Logo-MAV-2-300x300.png 300w, https:\/\/clubmav.com.br\/wp-content\/uploads\/2026\/04\/Logo-MAV-2-150x150.png 150w\" sizes=\"(max-width: 500px) 100vw, 500px\" \/>\n<h1>\n\t\tM\u00c9TODO MAV: Aprenda a Pintar Ta\u00e7as Encantadoras do zero e Transforme sua arte em prazer ou renda extra!\t\n<\/h1>\n\tAs aulas do curso possuem m\u00e9todos simples e passo a passo, <strong>onde voc\u00ea criar\u00e1 pe\u00e7as elegantes mesmo sem experi\u00eancia alguma,<\/strong> usando materiais acess\u00edveis e t\u00e9cnicas f\u00e1ceis de aplicar.\n\t<meta itemprop=\"url\" content=\"https:\/\/clubmav.com.br\/wp-content\/uploads\/2026\/04\/page-de-vendas.mp4\" \/><div style=\"width: 640px;\" class=\"wp-video\"><!--[if lt IE 9]><script>document.createElement('video');<\/script><![endif]-->\n<video muted class=\"wp-video-shortcode\" id=\"video-491-1\" width=\"640\" height=\"360\" loop=\"1\" autoplay=\"1\" preload=\"metadata\" controls=\"controls\"><source type=\"video\/mp4\" src=\"https:\/\/clubmav.com.br\/wp-content\/uploads\/2026\/04\/page-de-vendas.mp4?_=1\" \/><a href=\"https:\/\/clubmav.com.br\/wp-content\/uploads\/2026\/04\/page-de-vendas.mp4\">https:\/\/clubmav.com.br\/wp-content\/uploads\/2026\/04\/page-de-vendas.mp4<\/a><\/video><\/div>\n\t<!-- submit (eg. mailingboss) --> \n\t\t\t<a\t\t\thref=\"#ancora\"\n\t\t\t\t\t\ttarget=\"_self\"\n\t\t\tclass=\"button__button\"\n\t\t\trole=\"button\">\n\t<!-- content -->\n\t<!-- icon before -->\n\t<!-- text -->\n\t\t\t\t\tSaiba mais\n\t<!-- icon after -->\n\t<\/a>\n<h2>\n\t\tNosso Curso Ensina Todos os Segredos da Pintura em Ta\u00e7as, Utilizando Apenas o Forno de sua Casa!\t\n<\/h2>\n\t<p>Ta\u00e7as que Encantam \u00e9 um <strong>curso pensado para quem deseja come\u00e7ar na pintura em ta\u00e7as de forma leve, pr\u00e1tica e encantadora<\/strong> &#8211; mesmo sem nenhuma experi\u00eancia.<\/p>\n\n\t\t\t\t    <img width=\"500\" height=\"500\" class=\"ba-cheetah-photo-img wp-image-495\"\n\t\t\t\tsrc=\"http:\/\/clubmav.com.br\/wp-content\/uploads\/2026\/04\/Logo-MAV-3.png\"\n\t\t\t\talt=\"\"\n\t\t\t\t\t\t\t\titemprop=\"image\" \n\t\t\t\tonerror=\"this.style.display='none'\" srcset=\"https:\/\/clubmav.com.br\/wp-content\/uploads\/2026\/04\/Logo-MAV-3.png 500w, https:\/\/clubmav.com.br\/wp-content\/uploads\/2026\/04\/Logo-MAV-3-300x300.png 300w, https:\/\/clubmav.com.br\/wp-content\/uploads\/2026\/04\/Logo-MAV-3-150x150.png 150w\" sizes=\"(max-width: 500px) 100vw, 500px\" \/>\n<h1>\n\t\tAPRENDA | MATERIAIS E FORNECEDORES\t\n<\/h1>\n\t\n\t\t\t\t    <img width=\"500\" height=\"500\" class=\"ba-cheetah-photo-img wp-image-500\"\n\t\t\t\tsrc=\"http:\/\/clubmav.com.br\/wp-content\/uploads\/2026\/04\/Logo-MAV-4.png\"\n\t\t\t\talt=\"\"\n\t\t\t\t\t\t\t\titemprop=\"image\" \n\t\t\t\tonerror=\"this.style.display='none'\" srcset=\"https:\/\/clubmav.com.br\/wp-content\/uploads\/2026\/04\/Logo-MAV-4.png 500w, https:\/\/clubmav.com.br\/wp-content\/uploads\/2026\/04\/Logo-MAV-4-300x300.png 300w, https:\/\/clubmav.com.br\/wp-content\/uploads\/2026\/04\/Logo-MAV-4-150x150.png 150w\" sizes=\"(max-width: 500px) 100vw, 500px\" \/>\n<h1>\n\t\tAPRENDA | TREINO DE PINCELADAS INICIANTE\t\n<\/h1>\n\t\n\t\t\t\t    <img loading=\"lazy\" width=\"500\" height=\"500\" class=\"ba-cheetah-photo-img wp-image-496\"\n\t\t\t\tsrc=\"http:\/\/clubmav.com.br\/wp-content\/uploads\/2026\/04\/18.png\"\n\t\t\t\talt=\"\"\n\t\t\t\t\t\t\t\titemprop=\"image\" \n\t\t\t\tonerror=\"this.style.display='none'\" srcset=\"https:\/\/clubmav.com.br\/wp-content\/uploads\/2026\/04\/18.png 500w, https:\/\/clubmav.com.br\/wp-content\/uploads\/2026\/04\/18-300x300.png 300w, https:\/\/clubmav.com.br\/wp-content\/uploads\/2026\/04\/18-150x150.png 150w\" sizes=\"(max-width: 500px) 100vw, 500px\" \/>\n<h1>\n\t\tAPRENDA | T\u00c9CNICA VIRAL NOME E FLORES\t\n<\/h1>\n\t<p>Aprenda nossa <strong>t\u00e9cnica viral que inspirou artistas do mundo todo<\/strong> com tanta delicadeza e personalizade!<\/p>\n\t\t\t\t    <img loading=\"lazy\" width=\"500\" height=\"500\" class=\"ba-cheetah-photo-img wp-image-501\"\n\t\t\t\tsrc=\"http:\/\/clubmav.com.br\/wp-content\/uploads\/2026\/04\/17.png\"\n\t\t\t\talt=\"\"\n\t\t\t\t\t\t\t\titemprop=\"image\" \n\t\t\t\tonerror=\"this.style.display='none'\" srcset=\"https:\/\/clubmav.com.br\/wp-content\/uploads\/2026\/04\/17.png 500w, https:\/\/clubmav.com.br\/wp-content\/uploads\/2026\/04\/17-300x300.png 300w, https:\/\/clubmav.com.br\/wp-content\/uploads\/2026\/04\/17-150x150.png 150w\" sizes=\"(max-width: 500px) 100vw, 500px\" \/>\n<h1>\n\t\tAPRENDA | TECNICA GEMA DE VIDRO\t\n<\/h1>\n\t\n\t\t\t\t    <img loading=\"lazy\" width=\"500\" height=\"500\" class=\"ba-cheetah-photo-img wp-image-498\"\n\t\t\t\tsrc=\"http:\/\/clubmav.com.br\/wp-content\/uploads\/2026\/04\/20.png\"\n\t\t\t\talt=\"\"\n\t\t\t\t\t\t\t\titemprop=\"image\" \n\t\t\t\tonerror=\"this.style.display='none'\" srcset=\"https:\/\/clubmav.com.br\/wp-content\/uploads\/2026\/04\/20.png 500w, https:\/\/clubmav.com.br\/wp-content\/uploads\/2026\/04\/20-300x300.png 300w, https:\/\/clubmav.com.br\/wp-content\/uploads\/2026\/04\/20-150x150.png 150w\" sizes=\"(max-width: 500px) 100vw, 500px\" \/>\n<h1>\n\t\tAPRENDA | MONOGRAMA FLORAL VIRAL\t\n<\/h1>\n\t\n\t\t\t\t    <img loading=\"lazy\" width=\"500\" height=\"500\" class=\"ba-cheetah-photo-img wp-image-503\"\n\t\t\t\tsrc=\"http:\/\/clubmav.com.br\/wp-content\/uploads\/2026\/04\/Logo-MAV-7.png\"\n\t\t\t\talt=\"\"\n\t\t\t\t\t\t\t\titemprop=\"image\" \n\t\t\t\tonerror=\"this.style.display='none'\" srcset=\"https:\/\/clubmav.com.br\/wp-content\/uploads\/2026\/04\/Logo-MAV-7.png 500w, https:\/\/clubmav.com.br\/wp-content\/uploads\/2026\/04\/Logo-MAV-7-300x300.png 300w, https:\/\/clubmav.com.br\/wp-content\/uploads\/2026\/04\/Logo-MAV-7-150x150.png 150w\" sizes=\"(max-width: 500px) 100vw, 500px\" \/>\n<h1>\n\t\tAPRENDA | TECNICA DECALQUE LETRA\u00a0OURO FAKE\t\n<\/h1>\n\t\n\t\t\t\t    <img loading=\"lazy\" width=\"500\" height=\"500\" class=\"ba-cheetah-photo-img wp-image-497\"\n\t\t\t\tsrc=\"http:\/\/clubmav.com.br\/wp-content\/uploads\/2026\/04\/19.png\"\n\t\t\t\talt=\"\"\n\t\t\t\t\t\t\t\titemprop=\"image\" \n\t\t\t\tonerror=\"this.style.display='none'\" srcset=\"https:\/\/clubmav.com.br\/wp-content\/uploads\/2026\/04\/19.png 500w, https:\/\/clubmav.com.br\/wp-content\/uploads\/2026\/04\/19-300x300.png 300w, https:\/\/clubmav.com.br\/wp-content\/uploads\/2026\/04\/19-150x150.png 150w\" sizes=\"(max-width: 500px) 100vw, 500px\" \/>\n<h1>\n\t\tAPRENDA | TECNICA ESCRITA CANETADO \t\n<\/h1>\n\t<p><strong>Explore as possibilidades infinitas da escrita com canetado para criar pe\u00e7as personalizadas e delicadas,<\/strong> desbloqueando seu potencial art\u00edstico em cada tra\u00e7o.<\/p>\n<p>&nbsp;<\/p>\n\t\t\t\t    <img loading=\"lazy\" width=\"500\" height=\"500\" class=\"ba-cheetah-photo-img wp-image-504\"\n\t\t\t\tsrc=\"http:\/\/clubmav.com.br\/wp-content\/uploads\/2026\/04\/Logo-MAV-8.png\"\n\t\t\t\talt=\"\"\n\t\t\t\t\t\t\t\titemprop=\"image\" \n\t\t\t\tonerror=\"this.style.display='none'\" srcset=\"https:\/\/clubmav.com.br\/wp-content\/uploads\/2026\/04\/Logo-MAV-8.png 500w, https:\/\/clubmav.com.br\/wp-content\/uploads\/2026\/04\/Logo-MAV-8-300x300.png 300w, https:\/\/clubmav.com.br\/wp-content\/uploads\/2026\/04\/Logo-MAV-8-150x150.png 150w\" sizes=\"(max-width: 500px) 100vw, 500px\" \/>\n<h1>\n\t\tAPRENDA | CUIDADOS E QUEIMA DAS TA\u00c7AS\t\n<\/h1>\n\t\n<h2>\n\t\tB\u00f4nus Especial\t\n<\/h2>\n\t<p>Como parte deste curso exclusivo, oferecemos este <strong>B\u00d4NUS ESPECIAL<\/strong>:<\/p>\n\t\t\t\t    <img loading=\"lazy\" width=\"1080\" height=\"1080\" class=\"ba-cheetah-photo-img wp-image-507\"\n\t\t\t\tsrc=\"http:\/\/clubmav.com.br\/wp-content\/uploads\/2026\/04\/Logo-MAV-Post-para-Instagram-4.png\"\n\t\t\t\talt=\"\"\n\t\t\t\t\t\t\t\titemprop=\"image\" \n\t\t\t\tonerror=\"this.style.display='none'\" srcset=\"https:\/\/clubmav.com.br\/wp-content\/uploads\/2026\/04\/Logo-MAV-Post-para-Instagram-4.png 1080w, https:\/\/clubmav.com.br\/wp-content\/uploads\/2026\/04\/Logo-MAV-Post-para-Instagram-4-300x300.png 300w, https:\/\/clubmav.com.br\/wp-content\/uploads\/2026\/04\/Logo-MAV-Post-para-Instagram-4-1024x1024.png 1024w, https:\/\/clubmav.com.br\/wp-content\/uploads\/2026\/04\/Logo-MAV-Post-para-Instagram-4-150x150.png 150w, https:\/\/clubmav.com.br\/wp-content\/uploads\/2026\/04\/Logo-MAV-Post-para-Instagram-4-768x768.png 768w\" sizes=\"(max-width: 1080px) 100vw, 1080px\" \/>\n\t\t\t\t    <img loading=\"lazy\" width=\"500\" height=\"500\" class=\"ba-cheetah-photo-img wp-image-509\"\n\t\t\t\tsrc=\"http:\/\/clubmav.com.br\/wp-content\/uploads\/2026\/04\/49.png\"\n\t\t\t\talt=\"\"\n\t\t\t\t\t\t\t\titemprop=\"image\" \n\t\t\t\tonerror=\"this.style.display='none'\" srcset=\"https:\/\/clubmav.com.br\/wp-content\/uploads\/2026\/04\/49.png 500w, https:\/\/clubmav.com.br\/wp-content\/uploads\/2026\/04\/49-300x300.png 300w, https:\/\/clubmav.com.br\/wp-content\/uploads\/2026\/04\/49-150x150.png 150w\" sizes=\"(max-width: 500px) 100vw, 500px\" \/>\n<h2>\n\t\tSobre a professora\t\n<\/h2>\n\tPrazer, eu sou a Tamara, criadora da MAV Ateli\u00ea.\n\nAo longo dessa jornada, desenvolvi uma forma simples e pr\u00e1tica de ensinar pintura em vidro e porcelana, focada em descomplicar o processo e mostrar que qualquer pessoa pode criar pe\u00e7as bonitas, mesmo come\u00e7ando do zero.\n\nCriei esse curso para te mostrar exatamente isso.<br data-start=\"1052\" data-end=\"1055\" \/>Sem complica\u00e7\u00e3o, sem excesso de teoria &#8211; apenas o que realmente funciona para voc\u00ea aprender, evoluir e criar pe\u00e7as que encantam.\nSeja para relaxar, se expressar ou at\u00e9 transformar em uma fonte de renda, voc\u00ea \u00e9 totalmente capaz de fazer isso &#8211; e eu vou te guiar em cada etapa.\n<h2>\n\t\tCOMECE J\u00c1! CRIE SUA LINHA DE TA\u00c7AS AUTORAL!\t\n<\/h2>\n\t\n\t\t\t\t    <img loading=\"lazy\" width=\"1080\" height=\"1620\" class=\"ba-cheetah-photo-img wp-image-512\"\n\t\t\t\tsrc=\"http:\/\/clubmav.com.br\/wp-content\/uploads\/2026\/04\/@tamarasouf-1.png\"\n\t\t\t\talt=\"\"\n\t\t\t\t\t\t\t\titemprop=\"image\" \n\t\t\t\tonerror=\"this.style.display='none'\" srcset=\"https:\/\/clubmav.com.br\/wp-content\/uploads\/2026\/04\/@tamarasouf-1.png 1080w, https:\/\/clubmav.com.br\/wp-content\/uploads\/2026\/04\/@tamarasouf-1-200x300.png 200w, https:\/\/clubmav.com.br\/wp-content\/uploads\/2026\/04\/@tamarasouf-1-683x1024.png 683w, https:\/\/clubmav.com.br\/wp-content\/uploads\/2026\/04\/@tamarasouf-1-768x1152.png 768w, https:\/\/clubmav.com.br\/wp-content\/uploads\/2026\/04\/@tamarasouf-1-1024x1536.png 1024w\" sizes=\"(max-width: 1080px) 100vw, 1080px\" \/>\n\t<!-- submit (eg. mailingboss) --> \n\t\t\t<a\t\t\thref=\"https:\/\/pay.hotmart.com\/E105074886M?checkoutMode=10\"\n\t\t\t\t\t\ttarget=\"_self\"\n\t\t\tclass=\"button__button\"\n\t\t\trole=\"button\">\n\t<!-- content -->\n\t<!-- icon before -->\n\t<!-- text -->\n\t\t\t\t\tComprar Agora\n\t<!-- icon after -->\n\t<\/a>\n<h2>\n\t\tDepoimentos\t\n<\/h2>\n\t<p>Confira alguns depoimentos de nossos alunos sobre nossos Cursos:<\/p>\n\t\t\t\t    <img loading=\"lazy\" width=\"1170\" height=\"1061\" class=\"ba-cheetah-photo-img wp-image-293\"\n\t\t\t\tsrc=\"http:\/\/clubmav.com.br\/wp-content\/uploads\/2024\/11\/IMG_2448.jpg\"\n\t\t\t\talt=\"\"\n\t\t\t\t\t\t\t\titemprop=\"image\" \n\t\t\t\tonerror=\"this.style.display='none'\" srcset=\"https:\/\/clubmav.com.br\/wp-content\/uploads\/2024\/11\/IMG_2448.jpg 1170w, https:\/\/clubmav.com.br\/wp-content\/uploads\/2024\/11\/IMG_2448-300x272.jpg 300w, https:\/\/clubmav.com.br\/wp-content\/uploads\/2024\/11\/IMG_2448-1024x929.jpg 1024w, https:\/\/clubmav.com.br\/wp-content\/uploads\/2024\/11\/IMG_2448-768x696.jpg 768w\" sizes=\"(max-width: 1170px) 100vw, 1170px\" \/>\n\t\t\t\t    <img loading=\"lazy\" width=\"1170\" height=\"2045\" class=\"ba-cheetah-photo-img wp-image-312\"\n\t\t\t\tsrc=\"http:\/\/clubmav.com.br\/wp-content\/uploads\/2024\/11\/IMG_3209.jpg\"\n\t\t\t\talt=\"\"\n\t\t\t\t\t\t\t\titemprop=\"image\" \n\t\t\t\tonerror=\"this.style.display='none'\" srcset=\"https:\/\/clubmav.com.br\/wp-content\/uploads\/2024\/11\/IMG_3209.jpg 1170w, https:\/\/clubmav.com.br\/wp-content\/uploads\/2024\/11\/IMG_3209-172x300.jpg 172w, https:\/\/clubmav.com.br\/wp-content\/uploads\/2024\/11\/IMG_3209-586x1024.jpg 586w, https:\/\/clubmav.com.br\/wp-content\/uploads\/2024\/11\/IMG_3209-768x1342.jpg 768w, https:\/\/clubmav.com.br\/wp-content\/uploads\/2024\/11\/IMG_3209-879x1536.jpg 879w\" sizes=\"(max-width: 1170px) 100vw, 1170px\" \/>\n\t\t\t\t    <img loading=\"lazy\" width=\"1170\" height=\"2162\" class=\"ba-cheetah-photo-img wp-image-315\"\n\t\t\t\tsrc=\"http:\/\/clubmav.com.br\/wp-content\/uploads\/2024\/11\/IMG_2428.jpg\"\n\t\t\t\talt=\"\"\n\t\t\t\t\t\t\t\titemprop=\"image\" \n\t\t\t\tonerror=\"this.style.display='none'\" srcset=\"https:\/\/clubmav.com.br\/wp-content\/uploads\/2024\/11\/IMG_2428.jpg 1170w, https:\/\/clubmav.com.br\/wp-content\/uploads\/2024\/11\/IMG_2428-162x300.jpg 162w, https:\/\/clubmav.com.br\/wp-content\/uploads\/2024\/11\/IMG_2428-554x1024.jpg 554w, https:\/\/clubmav.com.br\/wp-content\/uploads\/2024\/11\/IMG_2428-768x1419.jpg 768w, https:\/\/clubmav.com.br\/wp-content\/uploads\/2024\/11\/IMG_2428-831x1536.jpg 831w, https:\/\/clubmav.com.br\/wp-content\/uploads\/2024\/11\/IMG_2428-1108x2048.jpg 1108w\" sizes=\"(max-width: 1170px) 100vw, 1170px\" \/>\n\t\t\t\t    <img loading=\"lazy\" width=\"1170\" height=\"367\" class=\"ba-cheetah-photo-img wp-image-299\"\n\t\t\t\tsrc=\"http:\/\/clubmav.com.br\/wp-content\/uploads\/2024\/11\/IMG_1864.jpg\"\n\t\t\t\talt=\"\"\n\t\t\t\t\t\t\t\titemprop=\"image\" \n\t\t\t\tonerror=\"this.style.display='none'\" srcset=\"https:\/\/clubmav.com.br\/wp-content\/uploads\/2024\/11\/IMG_1864.jpg 1170w, https:\/\/clubmav.com.br\/wp-content\/uploads\/2024\/11\/IMG_1864-300x94.jpg 300w, https:\/\/clubmav.com.br\/wp-content\/uploads\/2024\/11\/IMG_1864-1024x321.jpg 1024w, https:\/\/clubmav.com.br\/wp-content\/uploads\/2024\/11\/IMG_1864-768x241.jpg 768w\" sizes=\"(max-width: 1170px) 100vw, 1170px\" \/>\n\t\t\t\t    <img loading=\"lazy\" width=\"1170\" height=\"1833\" class=\"ba-cheetah-photo-img wp-image-313\"\n\t\t\t\tsrc=\"http:\/\/clubmav.com.br\/wp-content\/uploads\/2024\/11\/IMG_3517.jpg\"\n\t\t\t\talt=\"\"\n\t\t\t\t\t\t\t\titemprop=\"image\" \n\t\t\t\tonerror=\"this.style.display='none'\" srcset=\"https:\/\/clubmav.com.br\/wp-content\/uploads\/2024\/11\/IMG_3517.jpg 1170w, https:\/\/clubmav.com.br\/wp-content\/uploads\/2024\/11\/IMG_3517-191x300.jpg 191w, https:\/\/clubmav.com.br\/wp-content\/uploads\/2024\/11\/IMG_3517-654x1024.jpg 654w, https:\/\/clubmav.com.br\/wp-content\/uploads\/2024\/11\/IMG_3517-768x1203.jpg 768w, https:\/\/clubmav.com.br\/wp-content\/uploads\/2024\/11\/IMG_3517-980x1536.jpg 980w\" sizes=\"(max-width: 1170px) 100vw, 1170px\" \/>\n\t\t\t\t    <img loading=\"lazy\" width=\"1170\" height=\"347\" class=\"ba-cheetah-photo-img wp-image-295\"\n\t\t\t\tsrc=\"http:\/\/clubmav.com.br\/wp-content\/uploads\/2024\/11\/IMG_2075.jpg\"\n\t\t\t\talt=\"\"\n\t\t\t\t\t\t\t\titemprop=\"image\" \n\t\t\t\tonerror=\"this.style.display='none'\" srcset=\"https:\/\/clubmav.com.br\/wp-content\/uploads\/2024\/11\/IMG_2075.jpg 1170w, https:\/\/clubmav.com.br\/wp-content\/uploads\/2024\/11\/IMG_2075-300x89.jpg 300w, https:\/\/clubmav.com.br\/wp-content\/uploads\/2024\/11\/IMG_2075-1024x304.jpg 1024w, https:\/\/clubmav.com.br\/wp-content\/uploads\/2024\/11\/IMG_2075-768x228.jpg 768w\" sizes=\"(max-width: 1170px) 100vw, 1170px\" \/>\n\t\t\t\t    <img loading=\"lazy\" width=\"1170\" height=\"1096\" class=\"ba-cheetah-photo-img wp-image-304\"\n\t\t\t\tsrc=\"http:\/\/clubmav.com.br\/wp-content\/uploads\/2024\/11\/IMG_3201.jpg\"\n\t\t\t\talt=\"\"\n\t\t\t\t\t\t\t\titemprop=\"image\" \n\t\t\t\tonerror=\"this.style.display='none'\" srcset=\"https:\/\/clubmav.com.br\/wp-content\/uploads\/2024\/11\/IMG_3201.jpg 1170w, https:\/\/clubmav.com.br\/wp-content\/uploads\/2024\/11\/IMG_3201-300x281.jpg 300w, https:\/\/clubmav.com.br\/wp-content\/uploads\/2024\/11\/IMG_3201-1024x959.jpg 1024w, https:\/\/clubmav.com.br\/wp-content\/uploads\/2024\/11\/IMG_3201-768x719.jpg 768w\" sizes=\"(max-width: 1170px) 100vw, 1170px\" \/>\n<h2>\n\t\tFicou com d\u00favidas? Chame nosso suporte\t\n<\/h2>\n\t<!-- submit (eg. mailingboss) --> \n\t\t\t<a\t\t\thref=\"https:\/\/wa.me\/5548996649494?text=Ol%C3%A1%20tenho%20duvida%20sobre%20o%20curso%20de%20porcelana!\"\n\t\t\t\t\t\ttarget=\"_self\"\n\t\t\tclass=\"button__button\"\n\t\t\trole=\"button\">\n\t<!-- content -->\n\t<!-- icon before -->\n\t<!-- text -->\n\t\t\t\t\tTirar d\u00favida\n\t<!-- icon after -->\n\t<\/a>\n\n","protected":false},"excerpt":{"rendered":"<p>M\u00c9TODO MAV: Aprenda a Pintar Ta\u00e7as Encantadoras do zero e Transforme sua arte em prazer ou renda extra! As aulas do curso possuem m\u00e9todos simples e passo a passo, onde voc\u00ea criar\u00e1 pe\u00e7as elegantes mesmo sem experi\u00eancia alguma, usando materiais acess\u00edveis e t\u00e9cnicas f\u00e1ceis de aplicar. Saiba mais Nosso Curso Ensina Todos os Segredos da [&hellip;]<\/p>\n","protected":false},"author":1,"featured_media":0,"parent":0,"menu_order":0,"comment_status":"closed","ping_status":"closed","template":"ba-cheetah-canvas-template","meta":{"footnotes":""},"_links":{"self":[{"href":"https:\/\/clubmav.com.br\/index.php?rest_route=\/wp\/v2\/pages\/491"}],"collection":[{"href":"https:\/\/clubmav.com.br\/index.php?rest_route=\/wp\/v2\/pages"}],"about":[{"href":"https:\/\/clubmav.com.br\/index.php?rest_route=\/wp\/v2\/types\/page"}],"author":[{"embeddable":true,"href":"https:\/\/clubmav.com.br\/index.php?rest_route=\/wp\/v2\/users\/1"}],"replies":[{"embeddable":true,"href":"https:\/\/clubmav.com.br\/index.php?rest_route=%2Fwp%2Fv2%2Fcomments&post=491"}],"version-history":[{"count":6,"href":"https:\/\/clubmav.com.br\/index.php?rest_route=\/wp\/v2\/pages\/491\/revisions"}],"predecessor-version":[{"id":513,"href":"https:\/\/clubmav.com.br\/index.php?rest_route=\/wp\/v2\/pages\/491\/revisions\/513"}],"wp:attachment":[{"href":"https:\/\/clubmav.com.br\/index.php?rest_route=%2Fwp%2Fv2%2Fmedia&parent=491"}],"curies":[{"name":"wp","href":"https:\/\/api.w.org\/{rel}","templated":true}]}}